{"id":18,"date":"2011-02-23T13:40:10","date_gmt":"2011-02-23T20:40:10","guid":{"rendered":"http:\/\/victorhuberbjj.com\/wordpress\/?page_id=18"},"modified":"2011-03-11T09:12:00","modified_gmt":"2011-03-11T16:12:00","slug":"what-is-gracie-jiu-jitsu","status":"publish","type":"page","link":"http:\/\/www.victorhuberbjj.com\/wordpress\/?page_id=18","title":{"rendered":"What is Gracie Jiu-Jitsu"},"content":{"rendered":"<p><a href=\"http:\/\/victorhuberbjj.com\/wordpress\/wp-content\/uploads\/2011\/02\/Helio-Gracie.jpg\"><img decoding=\"async\" loading=\"lazy\" class=\"alignright size-full wp-image-177\" title=\"Helio-Gracie\" src=\"http:\/\/victorhuberbjj.com\/wordpress\/wp-content\/uploads\/2011\/02\/Helio-Gracie.jpg\" alt=\"\" width=\"232\" height=\"140\" srcset=\"http:\/\/www.victorhuberbjj.com\/wordpress\/wp-content\/uploads\/2011\/02\/Helio-Gracie.jpg 460w, http:\/\/www.victorhuberbjj.com\/wordpress\/wp-content\/uploads\/2011\/02\/Helio-Gracie-300x180.jpg 300w, http:\/\/www.victorhuberbjj.com\/wordpress\/wp-content\/uploads\/2011\/02\/Helio-Gracie-108x65.jpg 108w\" sizes=\"(max-width: 232px) 100vw, 232px\" \/><\/a>Gracie Jiu-Jitsu is a martial art initially made famous in the United States by Royce Gracie in the first Ultimate Fighting Championship (UFC). Royce won three out of the first four UFCs utilizing groundfighting techniques perfected by his family back in Brazil.<\/p>\n<p>Judo and the combat art of Jiu-Jitsu  were introduced to the Gracie family in Brazil around 1914 by  Esai Maeda, who was also known as Conde Koma. Maeda was a champion of  Jiu-Jitsu and a direct student of Kano (the founder of Judo), at the Kodokan in Japan. He was  born in 1878, and became a student of Judo in 1897.<\/p>\n<p><a href=\"http:\/\/victorhuberbjj.com\/wordpress\/wp-content\/uploads\/2011\/02\/CondeKoma01.jpg\"><img decoding=\"async\" loading=\"lazy\" class=\"alignleft size-medium wp-image-178\" title=\"CondeKoma01\" src=\"http:\/\/victorhuberbjj.com\/wordpress\/wp-content\/uploads\/2011\/02\/CondeKoma01-300x295.jpg\" alt=\"\" width=\"300\" height=\"295\" srcset=\"http:\/\/www.victorhuberbjj.com\/wordpress\/wp-content\/uploads\/2011\/02\/CondeKoma01-300x295.jpg 300w, http:\/\/www.victorhuberbjj.com\/wordpress\/wp-content\/uploads\/2011\/02\/CondeKoma01-66x65.jpg 66w, http:\/\/www.victorhuberbjj.com\/wordpress\/wp-content\/uploads\/2011\/02\/CondeKoma01.jpg 450w\" sizes=\"(max-width: 300px) 100vw, 300px\" \/><\/a>In the early 20th century, thousands of Japanese were immigrating to Brazil. In 1914, Maeda was given the opportunity to travel to Brazil as  part of a large Japanese immigration colony. In the northern  state of Para in Brazil, he befriended Gast\u00e3o Gracie, an influential businessman. Gast\u00e3o helped Maeda get established and to show his gratitude, Maeda offered  to teach traditional Japanese Jiu-Jitsu to Gast\u00e3o&#8217;s oldest son, Carlos  Gracie. Carlos learned for a few years and eventually passed his  knowledge to his brothers.<\/p>\n<p>Helio Gracie, the youngest son of Gast\u00e3o and Cesalina Gracie&#8217;s  eight children (three were girls), was always a very physically frail  child. He would run up a flight of stairs and have fainting spells, and  no one could figure out why.<\/p>\n<p>At age fourteen, he moved in with his older brothers who lived and  taught Jiu-Jitsu in a house in Botafogo, a borough of Rio de Janeiro.  Following doctor\u2019s recommendations, Helio would spend the next few years  limited to only watching his brothers teach.<\/p>\n<p>One day, when Helio was 16 years old, a student showed up for  class when Carlos was not around. Helio, who had memorized all the  techniques from watching his brothers teach, offered to start the class.  When the class was over, Carlos showed up and apologized for his delay.  The student answered, &#8220;No problem. I enjoyed the class with Helio very  much and, if you don&#8217;t mind, I&#8217;d like to continue learning from him.&#8221;  Carlos agreed, and Helio became an instructor.<\/p>\n<p>Helio soon realized that due to his frail physique, most of the  techniques he had learned from watching Carlos teach were particularly  difficult for him to execute. Eager to make the techniques work for him,  he began modifying them to accommodate his weak body. Emphasizing the  use of leverage and timing over strength and speed, Helio modified  virtually all of the techniques and, through trial and error, created  Gracie\/Brazilian Jiu-Jitsu.<\/p>\n<p><a href=\"http:\/\/victorhuberbjj.com\/wordpress\/wp-content\/uploads\/2011\/02\/gracie.jpg\"><img decoding=\"async\" loading=\"lazy\" class=\"alignleft size-full wp-image-179\" title=\"gracie\" src=\"http:\/\/victorhuberbjj.com\/wordpress\/wp-content\/uploads\/2011\/02\/gracie.jpg\" alt=\"\" width=\"384\" height=\"216\" srcset=\"http:\/\/www.victorhuberbjj.com\/wordpress\/wp-content\/uploads\/2011\/02\/gracie.jpg 384w, http:\/\/www.victorhuberbjj.com\/wordpress\/wp-content\/uploads\/2011\/02\/gracie-300x168.jpg 300w, http:\/\/www.victorhuberbjj.com\/wordpress\/wp-content\/uploads\/2011\/02\/gracie-115x65.jpg 115w\" sizes=\"(max-width: 384px) 100vw, 384px\" \/><\/a><\/p>\n<p>&nbsp;<\/p>\n<p>&nbsp;<\/p>\n<p>&nbsp;<\/p>\n","protected":false},"excerpt":{"rendered":"<p>Gracie Jiu-Jitsu is a martial art initially made famous in the United States by Royce Gracie in the first Ultimate Fighting Championship (UFC). Royce won three out of the first four UFCs utilizing groundfighting techniques perfected by his family back &hellip; <a href=\"http:\/\/www.victorhuberbjj.com\/wordpress\/?page_id=18\">Continue reading <span class=\"meta-nav\">&rarr;<\/span><\/a><\/p>\n","protected":false},"author":1,"featured_media":0,"parent":0,"menu_order":0,"comment_status":"open","ping_status":"closed","template":"","meta":[],"_links":{"self":[{"href":"http:\/\/www.victorhuberbjj.com\/wordpress\/index.php?rest_route=\/wp\/v2\/pages\/18"}],"collection":[{"href":"http:\/\/www.victorhuberbjj.com\/wordpress\/index.php?rest_route=\/wp\/v2\/pages"}],"about":[{"href":"http:\/\/www.victorhuberbjj.com\/wordpress\/index.php?rest_route=\/wp\/v2\/types\/page"}],"author":[{"embeddable":true,"href":"http:\/\/www.victorhuberbjj.com\/wordpress\/index.php?rest_route=\/wp\/v2\/users\/1"}],"replies":[{"embeddable":true,"href":"http:\/\/www.victorhuberbjj.com\/wordpress\/index.php?rest_route=%2Fwp%2Fv2%2Fcomments&post=18"}],"version-history":[{"count":6,"href":"http:\/\/www.victorhuberbjj.com\/wordpress\/index.php?rest_route=\/wp\/v2\/pages\/18\/revisions"}],"predecessor-version":[{"id":176,"href":"http:\/\/www.victorhuberbjj.com\/wordpress\/index.php?rest_route=\/wp\/v2\/pages\/18\/revisions\/176"}],"wp:attachment":[{"href":"http:\/\/www.victorhuberbjj.com\/wordpress\/index.php?rest_route=%2Fwp%2Fv2%2Fmedia&parent=18"}],"curies":[{"name":"wp","href":"https:\/\/api.w.org\/{rel}","templated":true}]}}